{"id":1625,"date":"2019-10-08T13:30:46","date_gmt":"2019-10-08T13:30:46","guid":{"rendered":"http:\/\/mihai.extendstudio.net\/colibri-demo25\/?page_id=1625"},"modified":"2024-10-21T16:01:32","modified_gmt":"2024-10-21T14:01:32","slug":"contact","status":"publish","type":"page","link":"https:\/\/aymeric-carrosserie-peinture.fr\/index.php\/contact\/","title":{"rendered":"Contact"},"content":{"rendered":"<div data-colibri-id=\"1625-c1\" class=\"style-409 style-local-1625-c1 position-relative\">\n  <!---->\n  <div data-colibri-component=\"section\" data-colibri-id=\"1625-c2\" id=\"contact-form\" class=\"h-section h-section-global-spacing d-flex align-items-lg-center align-items-md-center align-items-center style-1441 style-local-1625-c2 position-relative\">\n    <!---->\n    <!---->\n    <div class=\"h-section-grid-container h-section-boxed-container\">\n      <div data-colibri-id=\"1625-c6\" class=\"h-row-container gutters-row-lg-2 gutters-row-md-2 gutters-row-2 gutters-row-v-lg-2 gutters-row-v-md-2 gutters-row-v-2 style-1447 style-local-1625-c6 position-relative\">\n        <!---->\n        <div class=\"h-row justify-content-lg-center justify-content-md-center justify-content-center align-items-lg-center align-items-md-center align-items-center gutters-col-lg-2 gutters-col-md-2 gutters-col-2 gutters-col-v-lg-2 gutters-col-v-md-2 gutters-col-v-2\">\n          <!---->\n          <div class=\"h-column h-column-container d-flex h-col-lg-auto h-col-md-auto h-col-auto align-self-lg-center align-self-md-center align-self-center style-1448-outer style-local-1625-c7-outer\">\n            <div data-colibri-id=\"1625-c7\" class=\"d-flex h-flex-basis h-column__inner h-px-lg-2 h-px-md-2 h-px-2 v-inner-lg-2 v-inner-md-2 v-inner-2 style-1448 style-local-1625-c7 position-relative\">\n              <!---->\n              <!---->\n              <div class=\"w-100 h-y-container h-column__content h-column__v-align flex-basis-100 align-self-lg-start align-self-md-start align-self-start\">\n                <!---->\n                <div data-colibri-id=\"1625-c8\" class=\"h-global-transition-all h-heading style-1451 style-local-1625-c8 position-relative h-element\">\n                  <!---->\n                  <div class=\"h-heading__outer style-1451 style-local-1625-c8\">\n                    <!---->\n                    <!---->\n                    <h5 class=\"\">contact<\/h5>\n                  <\/div>\n                <\/div>\n                <div data-colibri-id=\"1625-c9\" class=\"h-global-transition-all h-heading style-1449 style-local-1625-c9 position-relative h-element\">\n                  <!---->\n                  <div class=\"h-heading__outer style-1449 style-local-1625-c9\">\n                    <!---->\n                    <!---->\n                    <h2 class=\"\">Envoyez nous votre demande<\/h2>\n                  <\/div>\n                <\/div>\n              <\/div>\n            <\/div>\n          <\/div>\n        <\/div>\n      <\/div>\n      <div data-colibri-id=\"1625-c3\" class=\"h-row-container gutters-row-lg-0 gutters-row-md-0 gutters-row-0 gutters-row-v-lg-0 gutters-row-v-md-0 gutters-row-v-0 style-1442 style-local-1625-c3 position-relative\">\n        <!---->\n        <div class=\"h-row justify-content-lg-center justify-content-md-center justify-content-center align-items-lg-stretch align-items-md-stretch align-items-stretch gutters-col-lg-0 gutters-col-md-0 gutters-col-0 gutters-col-v-lg-0 gutters-col-v-md-0 gutters-col-v-0\">\n          <!---->\n          <div class=\"h-column h-column-container d-flex h-col-lg-12 h-col-md-12 h-col-12 style-1444-outer style-local-1625-c4-outer\">\n            <div data-colibri-id=\"1625-c4\" class=\"d-flex h-flex-basis h-column__inner h-px-lg-3 h-px-md-3 h-px-3 v-inner-lg-3 v-inner-md-3 v-inner-3 style-1444 style-local-1625-c4 position-relative\">\n              <!---->\n              <!---->\n              <div class=\"w-100 h-y-container h-column__content h-column__v-align flex-basis-100 align-self-lg-end align-self-md-end align-self-end\">\n                <!---->\n                <div data-colibri-id=\"1625-c5\" class=\"h-contact-form__outer--forminator style-1446 style-local-1625-c5 position-relative h-element\">\n                  <!---->\n                  <div class=\"h-global-transition-all h-global-transition h-global-transition-all h-contact-form-shortcode\"><div class=\"forminator-ui forminator-custom-form forminator-custom-form-4430 forminator-design--default  forminator_ajax\" data-forminator-render=\"0\" data-form=\"forminator-module-4430\" data-uid=\"69dce8a13202a\"><br\/><\/div><form\n\t\t\t\tid=\"forminator-module-4430\"\n\t\t\t\tclass=\"forminator-ui forminator-custom-form forminator-custom-form-4430 forminator-design--default  forminator_ajax\"\n\t\t\t\tmethod=\"post\"\n\t\t\t\tdata-forminator-render=\"0\"\n\t\t\t\tdata-form-id=\"4430\"\n\t\t\t\t data-color-option=\"default\" data-design=\"default\" data-grid=\"open\" style=\"display: none;\"\n\t\t\t\tdata-uid=\"69dce8a13202a\"\n\t\t\t><div role=\"alert\" aria-live=\"polite\" class=\"forminator-response-message forminator-error\" aria-hidden=\"true\"><\/div><div class=\"forminator-row\"><div id=\"checkbox-1\" class=\"forminator-field-checkbox forminator-col forminator-col-12 \"><div role=\"group\" class=\"forminator-field\" aria-labelledby=\"forminator-checkbox-group-forminator-field-checkbox-1-69dce8a13202a-label\"><span id=\"forminator-checkbox-group-forminator-field-checkbox-1-69dce8a13202a-label\" class=\"forminator-label\">Services<\/span><label id=\"forminator-field-checkbox-1-1-69dce8a13202a-label\" for=\"forminator-field-checkbox-1-1-69dce8a13202a\" class=\"forminator-checkbox\" title=\"Carrosserie\"><input type=\"checkbox\" name=\"checkbox-1[]\" value=\"service-1\" id=\"forminator-field-checkbox-1-1-69dce8a13202a\" aria-labelledby=\"forminator-field-checkbox-1-1-69dce8a13202a-label\" data-calculation=\"0\"  \/><span class=\"forminator-checkbox-box\" aria-hidden=\"true\"><\/span><span class=\"forminator-checkbox-label\">Carrosserie<\/span><\/label><label id=\"forminator-field-checkbox-1-2-69dce8a13202a-label\" for=\"forminator-field-checkbox-1-2-69dce8a13202a\" class=\"forminator-checkbox\" title=\"Peinture\"><input type=\"checkbox\" name=\"checkbox-1[]\" value=\"service-2\" id=\"forminator-field-checkbox-1-2-69dce8a13202a\" aria-labelledby=\"forminator-field-checkbox-1-2-69dce8a13202a-label\" data-calculation=\"0\"  \/><span class=\"forminator-checkbox-box\" aria-hidden=\"true\"><\/span><span class=\"forminator-checkbox-label\">Peinture<\/span><\/label><label id=\"forminator-field-checkbox-1-3-69dce8a13202a-label\" for=\"forminator-field-checkbox-1-3-69dce8a13202a\" class=\"forminator-checkbox\" title=\"M\u00e9canique\"><input type=\"checkbox\" name=\"checkbox-1[]\" value=\"M\u00e9canique\" id=\"forminator-field-checkbox-1-3-69dce8a13202a\" aria-labelledby=\"forminator-field-checkbox-1-3-69dce8a13202a-label\" data-calculation=\"0\"  \/><span class=\"forminator-checkbox-box\" aria-hidden=\"true\"><\/span><span class=\"forminator-checkbox-label\">M\u00e9canique<\/span><\/label><\/div><\/div><\/div><div class=\"forminator-row\"><div id=\"textarea-1\" class=\"forminator-field-textarea forminator-col forminator-col-12 \"><div class=\"forminator-field\"><label for=\"forminator-field-textarea-1_69dce8a13202a\" id=\"forminator-field-textarea-1_69dce8a13202a-label\" class=\"forminator-label\">Notes compl\u00e9mentaires<\/label><textarea name=\"textarea-1\" placeholder=\"\" id=\"forminator-field-textarea-1_69dce8a13202a\" class=\"forminator-textarea\" rows=\"6\" style=\"min-height:140px;\" maxlength=\"180\" ><\/textarea><span id=\"forminator-field-textarea-1_69dce8a13202a-description\" class=\"forminator-description\"><span data-limit=\"180\" data-type=\"characters\" data-editor=\"\">0 \/ 180<\/span><\/span><\/div><\/div><\/div><div class=\"forminator-row\"><div id=\"name-2\" class=\"forminator-field-name forminator-col forminator-col-12 \"><div class=\"forminator-field\"><label for=\"forminator-field-name-2_69dce8a13202a\" id=\"forminator-field-name-2_69dce8a13202a-label\" class=\"forminator-label\">Nom<\/label><input type=\"text\" name=\"name-2\" value=\"\" placeholder=\"Par exemple\u00a0: Jacques Martin\" id=\"forminator-field-name-2_69dce8a13202a\" class=\"forminator-input forminator-name--field\" aria-required=\"false\" autocomplete=\"name\" \/><\/div><\/div><\/div><div class=\"forminator-row\"><div id=\"email-1\" class=\"forminator-field-email forminator-col forminator-col-12 \"><div class=\"forminator-field\"><label for=\"forminator-field-email-1_69dce8a13202a\" id=\"forminator-field-email-1_69dce8a13202a-label\" class=\"forminator-label\">Adresse de messagerie <span class=\"forminator-required\">*<\/span><\/label><input type=\"email\" name=\"email-1\" value=\"\" placeholder=\"Par exemple\u00a0: jacques@martin.com\" id=\"forminator-field-email-1_69dce8a13202a\" class=\"forminator-input forminator-email--field\" data-required=\"true\" aria-required=\"true\" autocomplete=\"email\" \/><\/div><\/div><\/div><div class=\"forminator-row\"><div id=\"phone-1\" class=\"forminator-field-phone forminator-col forminator-col-12 \"><div class=\"forminator-field\"><label for=\"forminator-field-phone-1_69dce8a13202a\" id=\"forminator-field-phone-1_69dce8a13202a-label\" class=\"forminator-label\">Num\u00e9ro de t\u00e9l\u00e9phone <span class=\"forminator-required\">*<\/span><\/label><input type=\"text\" name=\"phone-1\" value=\"\" placeholder=\"Par exemple\u00a0: +1 02 03 04 05\" id=\"forminator-field-phone-1_69dce8a13202a\" class=\"forminator-input forminator-field--phone\" data-required=\"1\" aria-required=\"true\" autocomplete=\"off\" data-validation=\"1\" \/><\/div><\/div><\/div><input type=\"hidden\" name=\"referer_url\" value=\"\" \/><div class=\"forminator-row forminator-row-last\"><div class=\"forminator-col\"><div class=\"forminator-field\"><button class=\"forminator-button forminator-button-submit\">Demander un devis<\/button><\/div><\/div><\/div><input type=\"hidden\" id=\"forminator_nonce\" name=\"forminator_nonce\" value=\"2048a38223\" \/><input type=\"hidden\" name=\"_wp_http_referer\" value=\"\/index.php\/wp-json\/wp\/v2\/pages\/1625\" \/><input type=\"hidden\" name=\"form_id\" value=\"4430\"><input type=\"hidden\" name=\"page_id\" value=\"1625\"><input type=\"hidden\" name=\"form_type\" value=\"default\"><input type=\"hidden\" name=\"current_url\" value=\"https:\/\/aymeric-carrosserie-peinture.fr\/index.php\/contact\/\"><input type=\"hidden\" name=\"render_id\" value=\"0\"><input type=\"hidden\" name=\"action\" value=\"forminator_submit_form_custom-forms\"><\/form><\/div>\n                <\/div>\n              <\/div>\n            <\/div>\n          <\/div>\n        <\/div>\n      <\/div>\n    <\/div>\n  <\/div>\n  <div data-colibri-component=\"section\" data-colibri-id=\"1625-c10\" id=\"contact-location\" class=\"h-section h-section-global-spacing d-flex align-items-lg-center align-items-md-center align-items-center style-417 style-local-1625-c10 position-relative\">\n    <!---->\n    <!---->\n    <div class=\"h-section-grid-container h-section-boxed-container\">\n      <!---->\n      <div data-colibri-id=\"1625-c11\" class=\"h-row-container gutters-row-lg-2 gutters-row-md-2 gutters-row-0 gutters-row-v-lg-2 gutters-row-v-md-2 gutters-row-v-2 style-1528 style-local-1625-c11 position-relative\">\n        <!---->\n        <div class=\"h-row justify-content-lg-center justify-content-md-center justify-content-center align-items-lg-stretch align-items-md-stretch align-items-stretch gutters-col-lg-2 gutters-col-md-2 gutters-col-0 gutters-col-v-lg-2 gutters-col-v-md-2 gutters-col-v-2\">\n          <!---->\n          <div class=\"h-column h-column-container d-flex h-col-lg-auto h-col-md-auto h-col-auto style-1529-outer style-local-1625-c12-outer\">\n            <div data-colibri-id=\"1625-c12\" class=\"d-flex h-flex-basis h-column__inner h-px-lg-2 h-px-md-2 h-px-2 v-inner-lg-2 v-inner-md-2 v-inner-2 style-1529 style-local-1625-c12 position-relative\">\n              <!---->\n              <!---->\n              <div class=\"w-100 h-y-container h-column__content h-column__v-align flex-basis-100 align-self-lg-start align-self-md-start align-self-start\">\n                <!---->\n                <div data-colibri-id=\"1625-c13\" class=\"style-1530 style-local-1625-c13 position-relative h-element\">\n                  <!---->\n                  <div class=\"\">\n                    <iframe src=\"https:\/\/www.google.com\/maps\/embed?pb=!1m14!1m8!1m3!1d1453.4364149310993!2d5.554614665694383!3d45.073603736991736!3m2!1i1024!2i768!4f13.1!3m3!1m2!1s0x478a91d529800903%3A0x85c2604a97cfc8c4!2sAYMERIC%20CARROSSERIE%20PEINT!5e0!3m2!1sfr!2sfr!4v1729509373015!5m2!1sfr!2sfr\"\n                      width=\"800\" height=\"600\" style=\"border:0;\" allowfullscreen=\"\" loading=\"lazy\" referrerpolicy=\"no-referrer-when-downgrade\"><\/iframe>\n                  <\/div>\n                <\/div>\n              <\/div>\n            <\/div>\n          <\/div>\n        <\/div>\n      <\/div>\n    <\/div>\n  <\/div>\n<\/div>","protected":false},"excerpt":{"rendered":"<p>contact Envoyez nous votre demande<\/p>\n","protected":false},"author":1,"featured_media":0,"parent":0,"menu_order":0,"comment_status":"closed","ping_status":"closed","template":"page-templates\/full-width-page.php","meta":{"footnotes":""},"class_list":["post-1625","page","type-page","status-publish","hentry"],"_links":{"self":[{"href":"https:\/\/aymeric-carrosserie-peinture.fr\/index.php\/wp-json\/wp\/v2\/pages\/1625","targetHints":{"allow":["GET"]}}],"collection":[{"href":"https:\/\/aymeric-carrosserie-peinture.fr\/index.php\/wp-json\/wp\/v2\/pages"}],"about":[{"href":"https:\/\/aymeric-carrosserie-peinture.fr\/index.php\/wp-json\/wp\/v2\/types\/page"}],"author":[{"embeddable":true,"href":"https:\/\/aymeric-carrosserie-peinture.fr\/index.php\/wp-json\/wp\/v2\/users\/1"}],"replies":[{"embeddable":true,"href":"https:\/\/aymeric-carrosserie-peinture.fr\/index.php\/wp-json\/wp\/v2\/comments?post=1625"}],"version-history":[{"count":16,"href":"https:\/\/aymeric-carrosserie-peinture.fr\/index.php\/wp-json\/wp\/v2\/pages\/1625\/revisions"}],"predecessor-version":[{"id":4613,"href":"https:\/\/aymeric-carrosserie-peinture.fr\/index.php\/wp-json\/wp\/v2\/pages\/1625\/revisions\/4613"}],"wp:attachment":[{"href":"https:\/\/aymeric-carrosserie-peinture.fr\/index.php\/wp-json\/wp\/v2\/media?parent=1625"}],"curies":[{"name":"wp","href":"https:\/\/api.w.org\/{rel}","templated":true}]}}